{"id":1283,"date":"2023-12-07T17:10:46","date_gmt":"2023-12-07T16:10:46","guid":{"rendered":"https:\/\/adeochrono.fr\/?page_id=1283"},"modified":"2023-12-07T17:15:38","modified_gmt":"2023-12-07T16:15:38","slug":"2023-resultats-sur-la-piste-du-pere-noel","status":"publish","type":"page","link":"https:\/\/adeochrono.fr\/index.php\/2023-resultats-sur-la-piste-du-pere-noel\/","title":{"rendered":"2023. R\u00e9sultats. Sur la Piste du p\u00e8re No\u00ebl"},"content":{"rendered":"\n<h2 class=\"wp-block-heading\">Sur la Piste du p\u00e8re No\u00ebl<\/h2>\n\n\n\n<div style=\"height:54px\" aria-hidden=\"true\" class=\"wp-block-spacer\"><\/div>\n\n\n\n<p><a href=\"https:\/\/adeochrono.fr\/index.php\/2023-12km-sur-la-piste-du-pere-noel\/\" data-type=\"link\" data-id=\"https:\/\/adeochrono.fr\/index.php\/2023-12km-sur-la-piste-du-pere-noel\/\" target=\"_blank\" rel=\"noreferrer noopener\">Classement 12Km<\/a><\/p>\n","protected":false},"excerpt":{"rendered":"<p>Sur la Piste du p\u00e8re No\u00ebl Classement 12Km<\/p>\n","protected":false},"author":1,"featured_media":0,"parent":0,"menu_order":0,"comment_status":"closed","ping_status":"closed","template":"","meta":{"footnotes":""},"class_list":["post-1283","page","type-page","status-publish","hentry"],"_links":{"self":[{"href":"https:\/\/adeochrono.fr\/index.php\/wp-json\/wp\/v2\/pages\/1283","targetHints":{"allow":["GET"]}}],"collection":[{"href":"https:\/\/adeochrono.fr\/index.php\/wp-json\/wp\/v2\/pages"}],"about":[{"href":"https:\/\/adeochrono.fr\/index.php\/wp-json\/wp\/v2\/types\/page"}],"author":[{"embeddable":true,"href":"https:\/\/adeochrono.fr\/index.php\/wp-json\/wp\/v2\/users\/1"}],"replies":[{"embeddable":true,"href":"https:\/\/adeochrono.fr\/index.php\/wp-json\/wp\/v2\/comments?post=1283"}],"version-history":[{"count":2,"href":"https:\/\/adeochrono.fr\/index.php\/wp-json\/wp\/v2\/pages\/1283\/revisions"}],"predecessor-version":[{"id":1288,"href":"https:\/\/adeochrono.fr\/index.php\/wp-json\/wp\/v2\/pages\/1283\/revisions\/1288"}],"wp:attachment":[{"href":"https:\/\/adeochrono.fr\/index.php\/wp-json\/wp\/v2\/media?parent=1283"}],"curies":[{"name":"wp","href":"https:\/\/api.w.org\/{rel}","templated":true}]}}