{"id":1240,"date":"2023-12-04T17:31:48","date_gmt":"2023-12-04T16:31:48","guid":{"rendered":"https:\/\/adeochrono.fr\/?page_id=1240"},"modified":"2023-12-04T17:31:49","modified_gmt":"2023-12-04T16:31:49","slug":"2023-unss-academie-creteil-minimes-garcons","status":"publish","type":"page","link":"https:\/\/adeochrono.fr\/index.php\/2023-unss-academie-creteil-minimes-garcons\/","title":{"rendered":"2023 UNSS Acad\u00e9mie Cr\u00e9teil. Minimes Gar\u00e7ons"},"content":{"rendered":"\n<h2 class=\"wp-block-heading\">Minimes Gar\u00e7ons. UNSS Acad\u00e9mie de Cr\u00e9teil<\/h2>\n\n\n\n<div style=\"height:20px\" aria-hidden=\"true\" class=\"wp-block-spacer\"><\/div>\n\n\n<div id=\"footable_parent_1220\"\n         class=\" footable_parent ninja_table_wrapper loading_ninja_table wp_table_data_press_parent semantic_ui \">\n                <table data-ninja_table_instance=\"ninja_table_instance_0\" data-footable_id=\"1220\" data-filter-delay=\"1000\" aria-label=\"2023. Cross UNSS Acad\u00e9mie Cr\u00e9teil. Minimes Gar\u00e7ons Course 4\"            id=\"footable_1220\"\n           data-unique_identifier=\"ninja_table_unique_id_351026526_1220\"\n           class=\" foo-table ninja_footable foo_table_1220 ninja_table_unique_id_351026526_1220 ui table  nt_type_ajax_table selectable striped vertical_centered  footable-paging-right ninja_table_pro\">\n                <colgroup>\n                            <col class=\"ninja_column_0 \">\n                            <col class=\"ninja_column_1 xs sm\">\n                            <col class=\"ninja_column_2 \">\n                            <col class=\"ninja_column_3 \">\n                            <col class=\"ninja_column_4 xs sm\">\n                            <col class=\"ninja_column_5 \">\n                            <col class=\"ninja_column_6 xs sm md lg\">\n                            <col class=\"ninja_column_7 xs sm\">\n                            <col class=\"ninja_column_8 xs\">\n                    <\/colgroup>\n            <\/table>\n    \n    \n    \n<\/div>\n\n","protected":false},"excerpt":{"rendered":"<p>Minimes Gar\u00e7ons. UNSS Acad\u00e9mie de Cr\u00e9teil<\/p>\n","protected":false},"author":1,"featured_media":0,"parent":0,"menu_order":0,"comment_status":"closed","ping_status":"closed","template":"","meta":{"footnotes":""},"class_list":["post-1240","page","type-page","status-publish","hentry"],"_links":{"self":[{"href":"https:\/\/adeochrono.fr\/index.php\/wp-json\/wp\/v2\/pages\/1240","targetHints":{"allow":["GET"]}}],"collection":[{"href":"https:\/\/adeochrono.fr\/index.php\/wp-json\/wp\/v2\/pages"}],"about":[{"href":"https:\/\/adeochrono.fr\/index.php\/wp-json\/wp\/v2\/types\/page"}],"author":[{"embeddable":true,"href":"https:\/\/adeochrono.fr\/index.php\/wp-json\/wp\/v2\/users\/1"}],"replies":[{"embeddable":true,"href":"https:\/\/adeochrono.fr\/index.php\/wp-json\/wp\/v2\/comments?post=1240"}],"version-history":[{"count":1,"href":"https:\/\/adeochrono.fr\/index.php\/wp-json\/wp\/v2\/pages\/1240\/revisions"}],"predecessor-version":[{"id":1241,"href":"https:\/\/adeochrono.fr\/index.php\/wp-json\/wp\/v2\/pages\/1240\/revisions\/1241"}],"wp:attachment":[{"href":"https:\/\/adeochrono.fr\/index.php\/wp-json\/wp\/v2\/media?parent=1240"}],"curies":[{"name":"wp","href":"https:\/\/api.w.org\/{rel}","templated":true}]}}