{"id":1225,"date":"2023-12-04T17:18:51","date_gmt":"2023-12-04T16:18:51","guid":{"rendered":"https:\/\/adeochrono.fr\/?page_id=1225"},"modified":"2023-12-12T15:19:45","modified_gmt":"2023-12-12T14:19:45","slug":"2023-resultats-cross-unss-academie-creteil","status":"publish","type":"page","link":"https:\/\/adeochrono.fr\/index.php\/2023-resultats-cross-unss-academie-creteil\/","title":{"rendered":"2023. R\u00e9sultats. Cross UNSS Acad\u00e9mie Cr\u00e9teil"},"content":{"rendered":"\n<h2 class=\"wp-block-heading\">Cross UNSS Acad\u00e9mie de Cr\u00e9teil<\/h2>\n\n\n\n<div style=\"height:54px\" aria-hidden=\"true\" class=\"wp-block-spacer\"><\/div>\n\n\n\n<p><a href=\"https:\/\/adeochrono.fr\/index.php\/2023-unss-academie-creteil-benjamins\/\" data-type=\"link\" data-id=\"https:\/\/adeochrono.fr\/index.php\/2023-unss-academie-creteil-benjamins\/\" target=\"_blank\" rel=\"noreferrer noopener\">Classement Benjamins<\/a><\/p>\n\n\n\n<p><a href=\"https:\/\/adeochrono.fr\/index.php\/2023-unss-academie-creteil-minimes-filles\/\" data-type=\"link\" data-id=\"https:\/\/adeochrono.fr\/index.php\/2023-unss-academie-creteil-minimes-filles\/\" target=\"_blank\" rel=\"noreferrer noopener\">Classement Minimes Filles<\/a><\/p>\n\n\n\n<p><a href=\"https:\/\/adeochrono.fr\/index.php\/2023-unss-academie-creteil-benjamines\/\" data-type=\"link\" data-id=\"https:\/\/adeochrono.fr\/index.php\/2023-unss-academie-creteil-benjamines\/\" target=\"_blank\" rel=\"noreferrer noopener\">Classement Benjamines<\/a><\/p>\n\n\n\n<p><a href=\"https:\/\/adeochrono.fr\/index.php\/2023-unss-academie-creteil-minimes-garcons\/\" data-type=\"link\" data-id=\"https:\/\/adeochrono.fr\/index.php\/2023-unss-academie-creteil-minimes-garcons\/\">Classement Minimes Gar\u00e7ons<\/a><\/p>\n\n\n\n<p><a href=\"https:\/\/adeochrono.fr\/index.php\/2023-unss-academie-creteil-lycee-filles\/\" data-type=\"link\" data-id=\"https:\/\/adeochrono.fr\/index.php\/2023-unss-academie-creteil-lycee-filles\/\" target=\"_blank\" rel=\"noreferrer noopener\">Classement Lyc\u00e9e Filles<\/a><\/p>\n\n\n\n<p><a href=\"https:\/\/adeochrono.fr\/index.php\/2023-unss-academie-creteil-sport-partage\/\" data-type=\"link\" data-id=\"https:\/\/adeochrono.fr\/index.php\/2023-unss-academie-creteil-sport-partage\/\" target=\"_blank\" rel=\"noreferrer noopener\">Classement Sport Partag\u00e9<\/a><\/p>\n\n\n\n<p><a href=\"https:\/\/adeochrono.fr\/index.php\/2023-unss-academie-creteil-cadets-garcons\/\" data-type=\"link\" data-id=\"https:\/\/adeochrono.fr\/index.php\/2023-unss-academie-creteil-cadets-garcons\/\" target=\"_blank\" rel=\"noreferrer noopener\">Classement Cadets Gar\u00e7ons<\/a><\/p>\n\n\n\n<p><a href=\"https:\/\/adeochrono.fr\/index.php\/2023-unss-academie-creteil-juniors-et-seniors-garcons\/\" data-type=\"link\" data-id=\"https:\/\/adeochrono.fr\/index.php\/2023-unss-academie-creteil-juniors-et-seniors-garcons\/\" target=\"_blank\" rel=\"noreferrer noopener\">Classement Juniors\/S\u00e9niors Gar\u00e7ons<\/a><\/p>\n","protected":false},"excerpt":{"rendered":"<p>Cross UNSS Acad\u00e9mie de Cr\u00e9teil Classement Benjamins Classement Minimes Filles Classement Benjamines Classement Minimes Gar\u00e7ons Classement Lyc\u00e9e Filles Classement Sport Partag\u00e9 Classement Cadets Gar\u00e7ons Classement Juniors\/S\u00e9niors Gar\u00e7ons<\/p>\n","protected":false},"author":1,"featured_media":0,"parent":0,"menu_order":0,"comment_status":"closed","ping_status":"closed","template":"","meta":{"footnotes":""},"class_list":["post-1225","page","type-page","status-publish","hentry"],"_links":{"self":[{"href":"https:\/\/adeochrono.fr\/index.php\/wp-json\/wp\/v2\/pages\/1225","targetHints":{"allow":["GET"]}}],"collection":[{"href":"https:\/\/adeochrono.fr\/index.php\/wp-json\/wp\/v2\/pages"}],"about":[{"href":"https:\/\/adeochrono.fr\/index.php\/wp-json\/wp\/v2\/types\/page"}],"author":[{"embeddable":true,"href":"https:\/\/adeochrono.fr\/index.php\/wp-json\/wp\/v2\/users\/1"}],"replies":[{"embeddable":true,"href":"https:\/\/adeochrono.fr\/index.php\/wp-json\/wp\/v2\/comments?post=1225"}],"version-history":[{"count":9,"href":"https:\/\/adeochrono.fr\/index.php\/wp-json\/wp\/v2\/pages\/1225\/revisions"}],"predecessor-version":[{"id":1339,"href":"https:\/\/adeochrono.fr\/index.php\/wp-json\/wp\/v2\/pages\/1225\/revisions\/1339"}],"wp:attachment":[{"href":"https:\/\/adeochrono.fr\/index.php\/wp-json\/wp\/v2\/media?parent=1225"}],"curies":[{"name":"wp","href":"https:\/\/api.w.org\/{rel}","templated":true}]}}