{"id":1205,"date":"2023-12-04T16:27:22","date_gmt":"2023-12-04T15:27:22","guid":{"rendered":"https:\/\/adeochrono.fr\/?page_id=1205"},"modified":"2024-02-02T16:55:56","modified_gmt":"2024-02-02T15:55:56","slug":"2024-les-foulees-du-tertre-a-montmartre","status":"publish","type":"page","link":"https:\/\/adeochrono.fr\/index.php\/2024-les-foulees-du-tertre-a-montmartre\/","title":{"rendered":"2024. 35\u00e8me \u00e9dition des Foul\u00e9es du Tertre \u00e0 Montmartre"},"content":{"rendered":"\n<div style=\"height:50px\" aria-hidden=\"true\" class=\"wp-block-spacer\"><\/div>\n\n\n\n<h2 class=\"wp-block-heading has-text-align-center\">35\u00e8me \u00e9dition des Foul\u00e9es du Tertre \u00e0 Montmartre<\/h2>\n\n\n\n<div style=\"height:50px\" aria-hidden=\"true\" class=\"wp-block-spacer\"><\/div>\n\n\n\n<div class=\"wp-block-buttons is-content-justification-center is-layout-flex wp-container-core-buttons-is-layout-16018d1d wp-block-buttons-is-layout-flex\">\n<div class=\"wp-block-button\"><a class=\"wp-block-button__link has-text-align-center wp-element-button\" href=\"https:\/\/les-foulees-du-tertre.adeorun.com\/inscription\" target=\"_blank\" rel=\"noreferrer noopener\">Inscriptions<\/a><\/div>\n\n\n\n<div class=\"wp-block-button\"><a class=\"wp-block-button__link has-text-align-center wp-element-button\" href=\"http:\/\/adeochrono.fr\/wp-content\/uploads\/2023\/12\/REGLEMENT-foulees-du-tertre-2024.pdf\" target=\"_blank\" rel=\"noreferrer noopener\">R\u00e8glement<\/a><\/div>\n<\/div>\n\n\n\n<div style=\"height:50px\" aria-hidden=\"true\" class=\"wp-block-spacer\"><\/div>\n\n\n<div class=\"hurrytimer-cdt hurrytimer-cdt--1684 hurrytimer-campaign hurryt-loading hurrytimer-campaign-1684\" data-config=\"{&quot;id&quot;:1684,&quot;run_in_background&quot;:false,&quot;sticky&quot;:false,&quot;product_ids&quot;:[],&quot;actions&quot;:[{&quot;id&quot;:1,&quot;redirectUrl&quot;:&quot;&quot;,&quot;message&quot;:&quot;&quot;,&quot;coupon&quot;:&quot;&quot;,&quot;wcStockStatus&quot;:&quot;instock&quot;}],&quot;template&quot;:&quot;&lt;div class=\\&quot;hurrytimer-timer-block hurrytimer-cdt__dur\\&quot;&gt;&lt;div class=\\&quot;hurrytimer-timer-digit hurrytimer-cdt__time\\&quot;&gt;%m&lt;\\\/div&gt;&lt;div class=\\&quot;hurrytimer-timer-label hurrytimer-cdt__label\\&quot; &gt;Mois&lt;\\\/div&gt;&lt;\\\/div&gt;&lt;div class=\\&quot;hurrytimer-cdt__sep hurrytimer-timer-sep\\&quot;&gt;:&lt;\\\/div&gt;&lt;div class=\\&quot;hurrytimer-timer-block hurrytimer-cdt__dur\\&quot;&gt;&lt;div class=\\&quot;hurrytimer-timer-digit hurrytimer-cdt__time\\&quot;&gt;%n&lt;\\\/div&gt;&lt;div class=\\&quot;hurrytimer-timer-label hurrytimer-cdt__label\\&quot; &gt;Jours&lt;\\\/div&gt;&lt;\\\/div&gt;&lt;div class=\\&quot;hurrytimer-cdt__sep hurrytimer-timer-sep\\&quot;&gt;:&lt;\\\/div&gt;&lt;div class=\\&quot;hurrytimer-timer-block hurrytimer-cdt__dur\\&quot;&gt;&lt;div class=\\&quot;hurrytimer-timer-digit hurrytimer-cdt__time\\&quot;&gt;%H&lt;\\\/div&gt;&lt;div class=\\&quot;hurrytimer-timer-label hurrytimer-cdt__label\\&quot; &gt;H&lt;\\\/div&gt;&lt;\\\/div&gt;&lt;div class=\\&quot;hurrytimer-cdt__sep hurrytimer-timer-sep\\&quot;&gt;:&lt;\\\/div&gt;&lt;div class=\\&quot;hurrytimer-timer-block hurrytimer-cdt__dur\\&quot;&gt;&lt;div class=\\&quot;hurrytimer-timer-digit hurrytimer-cdt__time\\&quot;&gt;%M&lt;\\\/div&gt;&lt;div class=\\&quot;hurrytimer-timer-label hurrytimer-cdt__label\\&quot; &gt;M&lt;\\\/div&gt;&lt;\\\/div&gt;&lt;div class=\\&quot;hurrytimer-cdt__sep hurrytimer-timer-sep\\&quot;&gt;:&lt;\\\/div&gt;&lt;div class=\\&quot;hurrytimer-timer-block hurrytimer-cdt__dur\\&quot;&gt;&lt;div class=\\&quot;hurrytimer-timer-digit hurrytimer-cdt__time\\&quot;&gt;%S&lt;\\\/div&gt;&lt;div class=\\&quot;hurrytimer-timer-label hurrytimer-cdt__label\\&quot; &gt;S&lt;\\\/div&gt;&lt;\\\/div&gt;&quot;,&quot;methods&quot;:[1,2],&quot;mode&quot;:&quot;one_time&quot;,&quot;sticky_bar_hide_timeout&quot;:7,&quot;recurr&quot;:false,&quot;timeToNextRecurrence&quot;:0,&quot;isRegular&quot;:true,&quot;endDate&quot;:1709852400000}\" ><div class=\"hurrytimer-cdt__headline hurrytimer-headline\">Fin des inscriptions dans<\/div><div class=\"hurrytimer-cdt__inner hurrytimer-timer\"><\/div><\/div>\n\n\n\n<div style=\"height:50px\" aria-hidden=\"true\" class=\"wp-block-spacer\"><\/div>\n\n\n\n<p class=\"has-text-align-center\">La 35<sup>\u00e8me<\/sup> \u00e9dition des Foul\u00e9es du Tertre \u00e0 Montmartre est organis\u00e9e par l\u2019ACP 18 et l\u2019OMS 18. Cette \u00e9preuve sur route comprenant des parcours de 800 m\u00e8tres, de 3km300 et 10Km, avec un chronom\u00e9trage du temps individuel, qui se d\u00e9roulera le samedi 09 mars 2024 d\u00e8s 14h00<\/p>\n\n\n\n<div style=\"height:50px\" aria-hidden=\"true\" class=\"wp-block-spacer\"><\/div>\n\n\n\n<div style=\"height:50px\" aria-hidden=\"true\" class=\"wp-block-spacer\"><\/div>\n\n\n\n<p class=\"has-text-align-center has-vivid-cyan-blue-color has-text-color\"><strong>Au programme \u00e0 partir de 14h :<\/strong><\/p>\n\n\n\n<ul class=\"wp-block-list\">\n<li>800 m \u00e0 14h30<\/li>\n\n\n\n<li>3 km 300 \u00e0 15h00<\/li>\n\n\n\n<li>10 km \u00e0 15h00<\/li>\n<\/ul>\n\n\n\n<p class=\"has-text-align-center has-vivid-red-color has-text-color\"><\/p>\n\n\n\n<p class=\"has-text-align-center has-black-color has-text-color\"> Pour toutes les courses chronom\u00e9tr\u00e9es  : <a rel=\"noreferrer noopener\" href=\"http:\/\/adeochrono.fr\/wp-content\/uploads\/2023\/10\/2022.-Certificat-medical-Type.pdf\" data-type=\"link\" data-id=\"http:\/\/adeochrono.fr\/wp-content\/uploads\/2023\/10\/2022.-Certificat-medical-Type.pdf\" target=\"_blank\">Certificat m\u00e9dical<\/a><br>obligatoire pour les non licenci\u00e9s FFA \u00e9tablissant l\u2019absence de non contre-indication \u00e0 la pratique du sport ou de la<br>course \u00e0 pied en comp\u00e9tition datant de moins d\u2019un an, ou <a rel=\"noreferrer noopener\" href=\"http:\/\/adeochrono.fr\/wp-content\/uploads\/2023\/10\/2022.-Autorisation-parentale-necessaire-pour-mineur.pdf\" data-type=\"link\" data-id=\"http:\/\/adeochrono.fr\/wp-content\/uploads\/2023\/10\/2022.-Autorisation-parentale-necessaire-pour-mineur.pdf\" target=\"_blank\">autorisation parentale<\/a> pour les mineurs.<\/p>\n\n\n\n<div style=\"height:50px\" aria-hidden=\"true\" class=\"wp-block-spacer\"><\/div>\n\n\n\n<p class=\"has-text-align-center has-vivid-cyan-blue-color has-text-color\"><strong>Tarifs :<\/strong><\/p>\n\n\n\n<ul class=\"wp-block-list\">\n<li>800 m&nbsp;: Gratuit<\/li>\n\n\n\n<li>3,3 km&nbsp;: Gratuit<\/li>\n\n\n\n<li>10 km&nbsp;: 16\u20ac (+2\u20ac sur place)<\/li>\n<\/ul>\n\n\n\n<div style=\"height:50px\" aria-hidden=\"true\" class=\"wp-block-spacer\"><\/div>\n\n\n\n<p class=\"has-text-align-center has-vivid-cyan-blue-color has-text-color\"><strong>R\u00e9compenses :<\/strong><\/p>\n\n\n\n<p class=\"has-text-align-center\">La remise des r\u00e9compenses se fera dans le square Nadar rue Ste Eleuth\u00e8re a Paris 18<\/p>\n\n\n\n<p class=\"has-text-align-center\">Lots coupes bons d\u2019achat aux 3 premiers de chaque cat\u00e9gorie Hommes et Femmes de s\u00e9nior a Master 4<\/p>\n\n\n\n<p class=\"has-text-align-center\"><strong>Course inscrite au Challenge des 10Km Parisiens<\/strong><\/p>\n\n\n\n<div style=\"height:50px\" aria-hidden=\"true\" class=\"wp-block-spacer\"><\/div>\n\n\n<div class=\"wp-block-image\">\n<figure class=\"aligncenter size-large\"><img loading=\"lazy\" decoding=\"async\" width=\"735\" height=\"1024\" src=\"https:\/\/adeochrono.fr\/wp-content\/uploads\/2023\/12\/35-AFFICHE-FOULEE-MONTMARTRE-2024-V2_page-0001-735x1024.jpg\" alt=\"\" class=\"wp-image-1365\" srcset=\"https:\/\/adeochrono.fr\/wp-content\/uploads\/2023\/12\/35-AFFICHE-FOULEE-MONTMARTRE-2024-V2_page-0001-735x1024.jpg 735w, https:\/\/adeochrono.fr\/wp-content\/uploads\/2023\/12\/35-AFFICHE-FOULEE-MONTMARTRE-2024-V2_page-0001-215x300.jpg 215w, https:\/\/adeochrono.fr\/wp-content\/uploads\/2023\/12\/35-AFFICHE-FOULEE-MONTMARTRE-2024-V2_page-0001-768x1071.jpg 768w, https:\/\/adeochrono.fr\/wp-content\/uploads\/2023\/12\/35-AFFICHE-FOULEE-MONTMARTRE-2024-V2_page-0001-1102x1536.jpg 1102w, https:\/\/adeochrono.fr\/wp-content\/uploads\/2023\/12\/35-AFFICHE-FOULEE-MONTMARTRE-2024-V2_page-0001-1469x2048.jpg 1469w, https:\/\/adeochrono.fr\/wp-content\/uploads\/2023\/12\/35-AFFICHE-FOULEE-MONTMARTRE-2024-V2_page-0001-scaled.jpg 1836w\" sizes=\"auto, (max-width: 735px) 100vw, 735px\" \/><\/figure>\n<\/div>\n\n\n<div style=\"height:50px\" aria-hidden=\"true\" class=\"wp-block-spacer\"><\/div>\n\n\n\n<p><\/p>\n","protected":false},"excerpt":{"rendered":"<p>35\u00e8me \u00e9dition des Foul\u00e9es du Tertre \u00e0 Montmartre La 35\u00e8me \u00e9dition des Foul\u00e9es du Tertre \u00e0 Montmartre est organis\u00e9e par l\u2019ACP 18 et l\u2019OMS 18. Cette \u00e9preuve sur route comprenant &#8230;<\/p>\n","protected":false},"author":1,"featured_media":0,"parent":0,"menu_order":0,"comment_status":"closed","ping_status":"closed","template":"","meta":{"footnotes":""},"class_list":["post-1205","page","type-page","status-publish","hentry"],"_links":{"self":[{"href":"https:\/\/adeochrono.fr\/index.php\/wp-json\/wp\/v2\/pages\/1205","targetHints":{"allow":["GET"]}}],"collection":[{"href":"https:\/\/adeochrono.fr\/index.php\/wp-json\/wp\/v2\/pages"}],"about":[{"href":"https:\/\/adeochrono.fr\/index.php\/wp-json\/wp\/v2\/types\/page"}],"author":[{"embeddable":true,"href":"https:\/\/adeochrono.fr\/index.php\/wp-json\/wp\/v2\/users\/1"}],"replies":[{"embeddable":true,"href":"https:\/\/adeochrono.fr\/index.php\/wp-json\/wp\/v2\/comments?post=1205"}],"version-history":[{"count":12,"href":"https:\/\/adeochrono.fr\/index.php\/wp-json\/wp\/v2\/pages\/1205\/revisions"}],"predecessor-version":[{"id":1775,"href":"https:\/\/adeochrono.fr\/index.php\/wp-json\/wp\/v2\/pages\/1205\/revisions\/1775"}],"wp:attachment":[{"href":"https:\/\/adeochrono.fr\/index.php\/wp-json\/wp\/v2\/media?parent=1205"}],"curies":[{"name":"wp","href":"https:\/\/api.w.org\/{rel}","templated":true}]}}